{"id":237,"date":"2017-11-13T13:30:16","date_gmt":"2017-11-13T13:30:16","guid":{"rendered":"http:\/\/bridge114.qodeinteractive.com\/?page_id=2"},"modified":"2025-02-23T02:03:21","modified_gmt":"2025-02-23T01:03:21","slug":"home","status":"publish","type":"page","link":"https:\/\/www.theseocompany.net\/es\/","title":{"rendered":"Home"},"content":{"rendered":"<div class=\"wpb-content-wrapper\"><p>[vc_row css_animation=\u00bb\u00bb row_type=\u00bbrow\u00bb use_row_as_full_screen_section=\u00bbno\u00bb type=\u00bbfull_width\u00bb angled_section=\u00bbno\u00bb text_align=\u00bbleft\u00bb background_image_as_pattern=\u00bbwithout_pattern\u00bb][vc_column][rev_slider_vc alias=\u00bbhome-slider\u00bb][\/vc_column][\/vc_row][vc_row css_animation=\u00bb\u00bb row_type=\u00bbrow\u00bb use_row_as_full_screen_section=\u00bbno\u00bb type=\u00bbgrid\u00bb angled_section=\u00bbno\u00bb text_align=\u00bbcenter\u00bb background_image_as_pattern=\u00bbwithout_pattern\u00bb padding_top=\u00bb134&#8243; padding_bottom=\u00bb38&#8243;][vc_column width=\u00bb2\/3&#8243; offset=\u00bbvc_col-sm-offset-2&#8243;][vc_column_text]<\/p>\n<h2><strong>The SEO Company:<\/strong><\/h2>\n<h5 style=\"text-align: left;\">Nuestra misi\u00f3n es ayudar a las empresas a alcanzar su m\u00e1ximo potencial en el entorno digital, mejorando su visibilidad en los motores de b\u00fasqueda. Nos comprometemos a ofrecer estrategias de posicionamiento efectivas, innovadoras y personalizadas que impulsen el crecimiento, aumenten el tr\u00e1fico web y conviertan visitas en oportunidades reales de negocio.<\/h5>\n<p>[\/vc_column_text][\/vc_column][\/vc_row][vc_row css_animation=\u00bb\u00bb row_type=\u00bbrow\u00bb use_row_as_full_screen_section=\u00bbno\u00bb type=\u00bbfull_width\u00bb angled_section=\u00bbno\u00bb text_align=\u00bbleft\u00bb background_image_as_pattern=\u00bbwithout_pattern\u00bb padding_top=\u00bb87&#8243; padding_bottom=\u00bb59&#8243; z_index=\u00bb\u00bb][vc_column offset=\u00bbvc_col-md-5&#8243;][qode_elements_holder number_of_columns=\u00bbone_column\u00bb][qode_elements_holder_item advanced_animations=\u00bbno\u00bb item_padding=\u00bb56px 0 0 38%\u00bb item_padding_1024_1280=\u00bb0px 0 0 15%\u00bb item_padding_768_1024=\u00bb0px 0 0 8%\u00bb item_padding_600_768=\u00bb0px 0 0 10%\u00bb item_padding_480_600=\u00bb0px 0 0 10%\u00bb item_padding_480=\u00bb0px 0 0 10%\u00bb]<div class='q_icon_with_title small custom_icon_image '><div class=\"icon_holder \" style=\" \"><img decoding=\"async\" itemprop=\"image\" style=\"\" src=\"https:\/\/www.theseocompany.net\/es\/wp-content\/uploads\/2017\/11\/Custom-icon-1.png\" alt=\"m\"><\/div><div class=\"icon_text_holder\" style=\"\"><div class=\"icon_text_inner\" style=\"\"><h4 class=\"icon_title\" style=\"\">Un sitio web no alcanza una clasificaci\u00f3n alta por casualidad. El SEO optimiza la visibilidad en l\u00ednea, fortalece la reputaci\u00f3n y genera oportunidades de negocio.<\/h4><p style='color: #c1c1c1'><\/p><\/div><\/div><\/div>[vc_empty_space height=\u00bb12px\u00bb]<div class='q_icon_with_title small custom_icon_image '><div class=\"icon_holder \" style=\" \"><img decoding=\"async\" itemprop=\"image\" style=\"\" src=\"https:\/\/www.theseocompany.net\/es\/wp-content\/uploads\/2017\/11\/Custom-icon-2.png\" alt=\"m\"><\/div><div class=\"icon_text_holder\" style=\"\"><div class=\"icon_text_inner\" style=\"\"><h4 class=\"icon_title\" style=\"\">La mayor\u00eda de los usuarios conf\u00edan en los motores de b\u00fasqueda para encontrar productos, servicios o informaci\u00f3n, aparecer entre los primeros resultados es clave para atraer tr\u00e1fico de calidad.<\/h4><p style='color: #c1c1c1'><\/p><\/div><\/div><\/div>[vc_empty_space height=\u00bb12px\u00bb]<div class='q_icon_with_title small custom_icon_image '><div class=\"icon_holder \" style=\" \"><img decoding=\"async\" itemprop=\"image\" style=\"\" src=\"https:\/\/www.theseocompany.net\/es\/wp-content\/uploads\/2017\/11\/Custom-icon-3.png\" alt=\"m\"><\/div><div class=\"icon_text_holder\" style=\"\"><div class=\"icon_text_inner\" style=\"\"><h4 class=\"icon_title\" style=\"\">Somos consultores en Posicionamiento Web, expertos en marketing digital y servicios personalizados para crear una estrategia SEO integral para tu presencia online.<\/h4><p style='color: #c1c1c1'><\/p><\/div><\/div><\/div>[vc_empty_space height=\u00bb30px\u00bb][\/qode_elements_holder_item][\/qode_elements_holder][\/vc_column][vc_column offset=\u00bbvc_col-md-7&#8243;][qode_elements_holder number_of_columns=\u00bbone_column\u00bb][qode_elements_holder_item advanced_animations=\u00bbno\u00bb item_padding=\u00bb0 0 0 4%\u00bb][vc_single_image image=\u00bb45&#8243; img_size=\u00bbfull\u00bb qode_css_animation=\u00bb\u00bb][\/qode_elements_holder_item][\/qode_elements_holder][\/vc_column][\/vc_row][vc_row css_animation=\u00bb\u00bb row_type=\u00bbrow\u00bb use_row_as_full_screen_section=\u00bbno\u00bb type=\u00bbgrid\u00bb angled_section=\u00bbno\u00bb text_align=\u00bbleft\u00bb background_image_as_pattern=\u00bbwithout_pattern\u00bb z_index=\u00bb\u00bb][vc_column width=\u00bb1\/2&#8243;]<div class='q_icon_with_title tiny custom_icon_image '><div class=\"icon_holder \" style=\" \"><img decoding=\"async\" itemprop=\"image\" style=\"\" src=\"https:\/\/www.theseocompany.net\/es\/wp-content\/uploads\/2017\/11\/Icon-1-2.png\" alt=\"m\"><\/div><div class=\"icon_text_holder\" style=\"padding-left:62px;\"><div class=\"icon_text_inner\" style=\"\"><h3 class=\"icon_title\" style=\"\">M\u00e1s tr\u00e1fico<\/h3><p style='color: #676b6d'>Aumenta la cantidad de personas que visitan tu sitio y regresan.<\/p><\/div><\/div><\/div>[vc_empty_space height=\u00bb30px\u00bb][\/vc_column][vc_column width=\u00bb1\/2&#8243;]<div class='q_icon_with_title tiny custom_icon_image '><div class=\"icon_holder \" style=\" \"><img decoding=\"async\" itemprop=\"image\" style=\"\" src=\"https:\/\/www.theseocompany.net\/es\/wp-content\/uploads\/2017\/11\/Icon-1-2.png\" alt=\"m\"><\/div><div class=\"icon_text_holder\" style=\"padding-left:62px;\"><div class=\"icon_text_inner\" style=\"\"><h3 class=\"icon_title\" style=\"\">M\u00e1s visibilidad y reconocimiento de marca<\/h3><p style='color: #676b6d'>Convi\u00e9rtete en la primera opci\u00f3n en tu mercado.<\/p><\/div><\/div><\/div>[vc_empty_space height=\u00bb30px\u00bb][\/vc_column][\/vc_row][vc_row css_animation=\u00bb\u00bb row_type=\u00bbrow\u00bb use_row_as_full_screen_section=\u00bbno\u00bb type=\u00bbgrid\u00bb angled_section=\u00bbno\u00bb text_align=\u00bbleft\u00bb background_image_as_pattern=\u00bbwithout_pattern\u00bb z_index=\u00bb\u00bb][vc_column width=\u00bb1\/2&#8243;]<div class='q_icon_with_title tiny custom_icon_image '><div class=\"icon_holder \" style=\" \"><img decoding=\"async\" itemprop=\"image\" style=\"\" src=\"https:\/\/www.theseocompany.net\/es\/wp-content\/uploads\/2017\/11\/Icon-1-2.png\" alt=\"m\"><\/div><div class=\"icon_text_holder\" style=\"padding-left:62px;\"><div class=\"icon_text_inner\" style=\"\"><h3 class=\"icon_title\" style=\"\">M\u00e1s ingresos<\/h3><p style='color: #676b6d'>El tr\u00e1fico, la visibilidad, el reconocimiento de marca y la autoridad se traducen en ingresos. Es m\u00e1s f\u00e1cil convertir a los visitantes del sitio en clientes de pago cuando has establecido tu presencia en la web.<\/p><\/div><\/div><\/div>[vc_empty_space height=\u00bb30px\u00bb][\/vc_column][vc_column width=\u00bb1\/2&#8243;]<div class='q_icon_with_title tiny custom_icon_image '><div class=\"icon_holder \" style=\" \"><img decoding=\"async\" itemprop=\"image\" style=\"\" src=\"https:\/\/www.theseocompany.net\/es\/wp-content\/uploads\/2017\/11\/Icon-1-2.png\" alt=\"m\"><\/div><div class=\"icon_text_holder\" style=\"padding-left:62px;\"><div class=\"icon_text_inner\" style=\"\"><h3 class=\"icon_title\" style=\"\">M\u00e1s autoridad<\/h3><p style='color: #676b6d'>Al posicionar tu sitio, te conviertes en un l\u00edder de la industria en tu mercado objetivo. Esto abre oportunidades para entrevistas, ser invitado a simposios profesionales y\/o foros, mejorar tu reputaci\u00f3n en tu \u00e1rea, mejorar la calidad de los enlaces entrantes, y m\u00e1s.<\/p><\/div><\/div><\/div>[vc_empty_space height=\u00bb30px\u00bb][\/vc_column][\/vc_row][vc_row css_animation=\u00bb\u00bb row_type=\u00bbrow\u00bb use_row_as_full_screen_section=\u00bbno\u00bb type=\u00bbgrid\u00bb angled_section=\u00bbno\u00bb text_align=\u00bbleft\u00bb background_image_as_pattern=\u00bbwithout_pattern\u00bb padding_top=\u00bb109&#8243; padding_bottom=\u00bb119&#8243; z_index=\u00bb\u00bb][vc_column][qode_elements_holder number_of_columns=\u00bbtwo_columns\u00bb][qode_elements_holder_item vertical_alignment=\u00bbtop\u00bb advanced_animations=\u00bbno\u00bb item_padding=\u00bb0 0 0 0&#8243;][vc_single_image image=\u00bb104&#8243; img_size=\u00bbfull\u00bb qode_css_animation=\u00bb\u00bb][\/qode_elements_holder_item][qode_elements_holder_item vertical_alignment=\u00bbtop\u00bb advanced_animations=\u00bbno\u00bb item_padding=\u00bb79px 10% 0 10%\u00bb item_padding_1024_1280=\u00bb46px 10% 0 11%\u00bb item_padding_768_1024=\u00bb20px 10% 0 11%\u00bb item_padding_600_768=\u00bb78px 10% 0 0%\u00bb item_padding_480_600=\u00bb78px 10% 0 0%\u00bb item_padding_480=\u00bb78px 10% 0 0%\u00bb][vc_column_text]<\/p>\n<h4>\u00bfQu\u00e9 significa un sitio web bien posicionado?<\/h4>\n<p>[\/vc_column_text][vc_empty_space height=\u00bb25px\u00bb][vc_column_text]<\/p>\n<h5>Un sitio web con buen posicionamiento \u2014es decir, que aparece entre los primeros 10 resultados en una b\u00fasqueda en l\u00ednea\u2014 puede ser la clave entre el \u00e9xito y el fracaso de un proyecto digital. Es comparable a tener una tienda atractiva en una avenida concurrida frente a esconderla en un callej\u00f3n poco transitado.<\/h5>\n<p>[\/vc_column_text][vc_empty_space][vc_row_inner row_type=\u00bbrow\u00bb type=\u00bbfull_width\u00bb text_align=\u00bbleft\u00bb css_animation=\u00bb\u00bb][vc_column_inner width=\u00bb1\/2&#8243;][vc_single_image image=\u00bb105&#8243; img_size=\u00bbfull\u00bb onclick=\u00bbcustom_link\u00bb qode_css_animation=\u00bb\u00bb link=\u00bb#\u00bb][vc_empty_space height=\u00bb30px\u00bb][\/vc_column_inner][vc_column_inner width=\u00bb1\/2&#8243;][vc_single_image image=\u00bb106&#8243; img_size=\u00bbfull\u00bb onclick=\u00bbcustom_link\u00bb qode_css_animation=\u00bb\u00bb link=\u00bb#\u00bb][vc_empty_space height=\u00bb30px\u00bb][\/vc_column_inner][\/vc_row_inner][\/qode_elements_holder_item][\/qode_elements_holder][\/vc_column][\/vc_row][vc_row css_animation=\u00bb\u00bb row_type=\u00bbrow\u00bb use_row_as_full_screen_section=\u00bbno\u00bb type=\u00bbgrid\u00bb angled_section=\u00bbno\u00bb text_align=\u00bbleft\u00bb background_image_as_pattern=\u00bbwithout_pattern\u00bb z_index=\u00bb\u00bb][vc_column]<div class=\"container_inner\"><div class=\"call_to_action normal\" style=\"background-color: #f2780d;padding-top: 30px;padding-bottom: 30px;\"><div class=\"two_columns_75_25 clearfix\"><div class=\"text_wrapper column1\"><div class=\"call_to_action_text \" style=\"\">\n<h2><span style=\"color: #000000;\">\u00a0<span style=\"color: #ffffff;\">Comienza tu campa\u00f1a de SEO ahora!<\/span><\/span><\/h2>\n<\/div><\/div><div class=\"button_wrapper column2\"><a itemprop=\"url\" href=\"https:\/\/www.theseocompany.net\/es\/contacto\/\" class=\"qbutton white \" target=\"_self\" style=\"color: #f2780d;border-color: #ffffff;background-color: #ffffff;\" data-hover-background-color=rgba(255,255,255,0.95) data-hover-border-color=rgba(30,115,190,0.95) data-hover-color=#f2780d>CONT\u00c1CTANOS<\/a><\/div><\/div><\/div><\/div>[\/vc_column][\/vc_row]<\/p>\n<\/div>","protected":false},"excerpt":{"rendered":"<p>[vc_row css_animation=\u00bb\u00bb row_type=\u00bbrow\u00bb use_row_as_full_screen_section=\u00bbno\u00bb type=\u00bbfull_width\u00bb angled_section=\u00bbno\u00bb text_align=\u00bbleft\u00bb background_image_as_pattern=\u00bbwithout_pattern\u00bb][vc_column][rev_slider_vc alias=\u00bbhome-slider\u00bb][\/vc_column][\/vc_row][vc_row css_animation=\u00bb\u00bb row_type=\u00bbrow\u00bb use_row_as_full_screen_section=\u00bbno\u00bb type=\u00bbgrid\u00bb angled_section=\u00bbno\u00bb text_align=\u00bbcenter\u00bb background_image_as_pattern=\u00bbwithout_pattern\u00bb padding_top=\u00bb134&#8243; padding_bottom=\u00bb38&#8243;][vc_column width=\u00bb2\/3&#8243; offset=\u00bbvc_col-sm-offset-2&#8243;][vc_column_text] The SEO Company: Nuestra misi\u00f3n es ayudar a las empresas a alcanzar su m\u00e1ximo potencial en el entorno digital, mejorando su visibilidad en los motores&#8230;<\/p>\n","protected":false},"author":1,"featured_media":0,"parent":0,"menu_order":0,"comment_status":"closed","ping_status":"open","template":"full_width.php","meta":{"content-type":"","footnotes":""},"class_list":["post-237","page","type-page","status-publish","hentry"],"yoast_head":"<!-- This site is optimized with the Yoast SEO plugin v24.4 - https:\/\/yoast.com\/wordpress\/plugins\/seo\/ -->\n<title>Home - The SEO Company<\/title>\n<meta name=\"robots\" content=\"index, follow, max-snippet:-1, max-image-preview:large, max-video-preview:-1\" \/>\n<link rel=\"canonical\" href=\"https:\/\/www.theseocompany.net\/es\/\" \/>\n<meta property=\"og:locale\" content=\"es_ES\" \/>\n<meta property=\"og:type\" content=\"article\" \/>\n<meta property=\"og:title\" content=\"Home - The SEO Company\" \/>\n<meta property=\"og:description\" content=\"[vc_row css_animation=\u00bb\u00bb row_type=\u00bbrow\u00bb use_row_as_full_screen_section=\u00bbno\u00bb type=\u00bbfull_width\u00bb angled_section=\u00bbno\u00bb text_align=\u00bbleft\u00bb background_image_as_pattern=\u00bbwithout_pattern\u00bb][vc_column][rev_slider_vc alias=\u00bbhome-slider\u00bb][\/vc_column][\/vc_row][vc_row css_animation=\u00bb\u00bb row_type=\u00bbrow\u00bb use_row_as_full_screen_section=\u00bbno\u00bb type=\u00bbgrid\u00bb angled_section=\u00bbno\u00bb text_align=\u00bbcenter\u00bb background_image_as_pattern=\u00bbwithout_pattern\u00bb padding_top=\u00bb134&#8243; padding_bottom=\u00bb38&#8243;][vc_column width=\u00bb2\/3&#8243; offset=\u00bbvc_col-sm-offset-2&#8243;][vc_column_text] The SEO Company: Nuestra misi\u00f3n es ayudar a las empresas a alcanzar su m\u00e1ximo potencial en el entorno digital, mejorando su visibilidad en los motores...\" \/>\n<meta property=\"og:url\" content=\"https:\/\/www.theseocompany.net\/es\/\" \/>\n<meta property=\"og:site_name\" content=\"The SEO Company\" \/>\n<meta property=\"article:modified_time\" content=\"2025-02-23T01:03:21+00:00\" \/>\n<meta name=\"twitter:card\" content=\"summary_large_image\" \/>\n<meta name=\"twitter:label1\" content=\"Tiempo de lectura\" \/>\n\t<meta name=\"twitter:data1\" content=\"5 minutos\" \/>\n<script type=\"application\/ld+json\" class=\"yoast-schema-graph\">{\"@context\":\"https:\/\/schema.org\",\"@graph\":[{\"@type\":\"WebPage\",\"@id\":\"https:\/\/www.theseocompany.net\/es\/\",\"url\":\"https:\/\/www.theseocompany.net\/es\/\",\"name\":\"Home - The SEO Company\",\"isPartOf\":{\"@id\":\"https:\/\/www.theseocompany.net\/es\/#website\"},\"datePublished\":\"2017-11-13T13:30:16+00:00\",\"dateModified\":\"2025-02-23T01:03:21+00:00\",\"breadcrumb\":{\"@id\":\"https:\/\/www.theseocompany.net\/es\/#breadcrumb\"},\"inLanguage\":\"es\",\"potentialAction\":[{\"@type\":\"ReadAction\",\"target\":[\"https:\/\/www.theseocompany.net\/es\/\"]}]},{\"@type\":\"BreadcrumbList\",\"@id\":\"https:\/\/www.theseocompany.net\/es\/#breadcrumb\",\"itemListElement\":[{\"@type\":\"ListItem\",\"position\":1,\"name\":\"Portada\",\"item\":\"https:\/\/www.theseocompany.net\/es\/\"},{\"@type\":\"ListItem\",\"position\":2,\"name\":\"Home\"}]},{\"@type\":\"WebSite\",\"@id\":\"https:\/\/www.theseocompany.net\/es\/#website\",\"url\":\"https:\/\/www.theseocompany.net\/es\/\",\"name\":\"The SEO Company\",\"description\":\"\",\"potentialAction\":[{\"@type\":\"SearchAction\",\"target\":{\"@type\":\"EntryPoint\",\"urlTemplate\":\"https:\/\/www.theseocompany.net\/es\/?s={search_term_string}\"},\"query-input\":{\"@type\":\"PropertyValueSpecification\",\"valueRequired\":true,\"valueName\":\"search_term_string\"}}],\"inLanguage\":\"es\"}]}<\/script>\n<!-- \/ Yoast SEO plugin. -->","yoast_head_json":{"title":"Home - The SEO Company","robots":{"index":"index","follow":"follow","max-snippet":"max-snippet:-1","max-image-preview":"max-image-preview:large","max-video-preview":"max-video-preview:-1"},"canonical":"https:\/\/www.theseocompany.net\/es\/","og_locale":"es_ES","og_type":"article","og_title":"Home - The SEO Company","og_description":"[vc_row css_animation=\u00bb\u00bb row_type=\u00bbrow\u00bb use_row_as_full_screen_section=\u00bbno\u00bb type=\u00bbfull_width\u00bb angled_section=\u00bbno\u00bb text_align=\u00bbleft\u00bb background_image_as_pattern=\u00bbwithout_pattern\u00bb][vc_column][rev_slider_vc alias=\u00bbhome-slider\u00bb][\/vc_column][\/vc_row][vc_row css_animation=\u00bb\u00bb row_type=\u00bbrow\u00bb use_row_as_full_screen_section=\u00bbno\u00bb type=\u00bbgrid\u00bb angled_section=\u00bbno\u00bb text_align=\u00bbcenter\u00bb background_image_as_pattern=\u00bbwithout_pattern\u00bb padding_top=\u00bb134&#8243; padding_bottom=\u00bb38&#8243;][vc_column width=\u00bb2\/3&#8243; offset=\u00bbvc_col-sm-offset-2&#8243;][vc_column_text] The SEO Company: Nuestra misi\u00f3n es ayudar a las empresas a alcanzar su m\u00e1ximo potencial en el entorno digital, mejorando su visibilidad en los motores...","og_url":"https:\/\/www.theseocompany.net\/es\/","og_site_name":"The SEO Company","article_modified_time":"2025-02-23T01:03:21+00:00","twitter_card":"summary_large_image","twitter_misc":{"Tiempo de lectura":"5 minutos"},"schema":{"@context":"https:\/\/schema.org","@graph":[{"@type":"WebPage","@id":"https:\/\/www.theseocompany.net\/es\/","url":"https:\/\/www.theseocompany.net\/es\/","name":"Home - The SEO Company","isPartOf":{"@id":"https:\/\/www.theseocompany.net\/es\/#website"},"datePublished":"2017-11-13T13:30:16+00:00","dateModified":"2025-02-23T01:03:21+00:00","breadcrumb":{"@id":"https:\/\/www.theseocompany.net\/es\/#breadcrumb"},"inLanguage":"es","potentialAction":[{"@type":"ReadAction","target":["https:\/\/www.theseocompany.net\/es\/"]}]},{"@type":"BreadcrumbList","@id":"https:\/\/www.theseocompany.net\/es\/#breadcrumb","itemListElement":[{"@type":"ListItem","position":1,"name":"Portada","item":"https:\/\/www.theseocompany.net\/es\/"},{"@type":"ListItem","position":2,"name":"Home"}]},{"@type":"WebSite","@id":"https:\/\/www.theseocompany.net\/es\/#website","url":"https:\/\/www.theseocompany.net\/es\/","name":"The SEO Company","description":"","potentialAction":[{"@type":"SearchAction","target":{"@type":"EntryPoint","urlTemplate":"https:\/\/www.theseocompany.net\/es\/?s={search_term_string}"},"query-input":{"@type":"PropertyValueSpecification","valueRequired":true,"valueName":"search_term_string"}}],"inLanguage":"es"}]}},"_links":{"self":[{"href":"https:\/\/www.theseocompany.net\/es\/wp-json\/wp\/v2\/pages\/237","targetHints":{"allow":["GET"]}}],"collection":[{"href":"https:\/\/www.theseocompany.net\/es\/wp-json\/wp\/v2\/pages"}],"about":[{"href":"https:\/\/www.theseocompany.net\/es\/wp-json\/wp\/v2\/types\/page"}],"author":[{"embeddable":true,"href":"https:\/\/www.theseocompany.net\/es\/wp-json\/wp\/v2\/users\/1"}],"replies":[{"embeddable":true,"href":"https:\/\/www.theseocompany.net\/es\/wp-json\/wp\/v2\/comments?post=237"}],"version-history":[{"count":15,"href":"https:\/\/www.theseocompany.net\/es\/wp-json\/wp\/v2\/pages\/237\/revisions"}],"predecessor-version":[{"id":572,"href":"https:\/\/www.theseocompany.net\/es\/wp-json\/wp\/v2\/pages\/237\/revisions\/572"}],"wp:attachment":[{"href":"https:\/\/www.theseocompany.net\/es\/wp-json\/wp\/v2\/media?parent=237"}],"curies":[{"name":"wp","href":"https:\/\/api.w.org\/{rel}","templated":true}]}}